{"id":13,"date":"2021-01-07T18:13:25","date_gmt":"2021-01-07T18:13:25","guid":{"rendered":"http:\/\/relab.com.mx.previewc75.carrierzone.com\/?page_id=13"},"modified":"2021-01-07T18:45:51","modified_gmt":"2021-01-07T18:45:51","slug":"inicio","status":"publish","type":"page","link":"http:\/\/relab.com.mx.previewc75.carrierzone.com\/","title":{"rendered":""},"content":{"rendered":"\n<h1 class=\"has-large-font-size wp-block-heading\">RELAB<\/h1>\n\n\n\n<p>REACTIVOS Y EQUIPOS PARA LABORATORIOS INDUSTRIALES<\/p>\n\n\n\n<p>RELAB es una empresa dedicada a la comercializaci\u00f3n de analizadores e instrumentos de medici\u00f3n para diferentes \u00e1reas industriales. Comprometidos desde su fundaci\u00f3n para satisfacer las necesidades de nuestros clientes contando con m\u00e1s de 17 a\u00f1os de experiencia que respaldan este compromiso y ofreciendo a nuestros clientes consumibles, equipos e insumos de la m\u00e1s alta calidad para laboratorios industriales.<\/p>\n\n\n\n<p>Iniciando operaciones desde 1998, RELAB cumple con la misi\u00f3n de ofrecer productos de alta calidad para satisfacer las necesidades de nuestros clientes.<\/p>\n\n\n\n<p>Algunas de las marcas de los equipos que comercializamos son las siguientes:<\/p>\n\n\n\n<p>Testo, Fluke, Rapiscan, Felisa, HACH, IMADA, Beckman Coulter, Ohaus, etc.<\/p>\n","protected":false},"excerpt":{"rendered":"<p>RELAB REACTIVOS Y EQUIPOS PARA LABORATORIOS INDUSTRIALES RELAB es una empresa dedicada a la comercializaci\u00f3n de analizadores e instrumentos de medici\u00f3n para diferentes \u00e1reas industriales. Comprometidos desde su fundaci\u00f3n para satisfacer las necesidades de nuestros clientes contando con m\u00e1s de 17 a\u00f1os de experiencia que respaldan este compromiso y ofreciendo a nuestros clientes consumibles, equipos &hellip; <\/p>\n<p class=\"link-more\"><a href=\"http:\/\/relab.com.mx.previewc75.carrierzone.com\/\" class=\"more-link\">Continue reading<span class=\"screen-reader-text\"> &#8220;&#8221;<\/span><\/a><\/p>\n","protected":false},"author":1,"featured_media":0,"parent":0,"menu_order":0,"comment_status":"closed","ping_status":"closed","template":"","meta":{"footnotes":""},"class_list":["post-13","page","type-page","status-publish","hentry"],"_links":{"self":[{"href":"http:\/\/relab.com.mx.previewc75.carrierzone.com\/index.php?rest_route=\/wp\/v2\/pages\/13","targetHints":{"allow":["GET"]}}],"collection":[{"href":"http:\/\/relab.com.mx.previewc75.carrierzone.com\/index.php?rest_route=\/wp\/v2\/pages"}],"about":[{"href":"http:\/\/relab.com.mx.previewc75.carrierzone.com\/index.php?rest_route=\/wp\/v2\/types\/page"}],"author":[{"embeddable":true,"href":"http:\/\/relab.com.mx.previewc75.carrierzone.com\/index.php?rest_route=\/wp\/v2\/users\/1"}],"replies":[{"embeddable":true,"href":"http:\/\/relab.com.mx.previewc75.carrierzone.com\/index.php?rest_route=%2Fwp%2Fv2%2Fcomments&post=13"}],"version-history":[{"count":2,"href":"http:\/\/relab.com.mx.previewc75.carrierzone.com\/index.php?rest_route=\/wp\/v2\/pages\/13\/revisions"}],"predecessor-version":[{"id":45,"href":"http:\/\/relab.com.mx.previewc75.carrierzone.com\/index.php?rest_route=\/wp\/v2\/pages\/13\/revisions\/45"}],"wp:attachment":[{"href":"http:\/\/relab.com.mx.previewc75.carrierzone.com\/index.php?rest_route=%2Fwp%2Fv2%2Fmedia&parent=13"}],"curies":[{"name":"wp","href":"https:\/\/api.w.org\/{rel}","templated":true}]}}