{"id":6,"date":"2021-01-07T18:13:25","date_gmt":"2021-01-07T18:13:25","guid":{"rendered":"http:\/\/relab.com.mx.previewc75.carrierzone.com\/?page_id=6"},"modified":"2021-01-07T18:47:15","modified_gmt":"2021-01-07T18:47:15","slug":"acerca-de","status":"publish","type":"page","link":"http:\/\/relab.com.mx.previewc75.carrierzone.com\/?page_id=6","title":{"rendered":""},"content":{"rendered":"\n<h1 class=\"has-large-font-size wp-block-heading\" id=\"pageTitle\">Acerca de nosotros<\/h1>\n\n\n\n<h2 class=\"has-medium-font-size wp-block-heading\">MISION<\/h2>\n\n\n\n<p>Ofrecer un servicio integral que cumpla con los requerimientos y necesidades de nuestros clientes brindando la mejor atenci\u00f3n con productos de calidad a precios justos y competitivos.<\/p>\n\n\n\n<h2 class=\"wp-block-heading\">VISION<\/h2>\n\n\n\n<p>Convertirnos en una empresa comprometida con altos est\u00e1ndares de calidad para brindar a nuestros clientes productos y servicios de forma competitiva y confiable.<\/p>\n\n\n\n<h2 class=\"wp-block-heading\">VALORES<\/h2>\n\n\n\n<p>Nuestros valores dan sentido y orientaci\u00f3n a las decisiones y acciones que llevamos acabo y describen la organizaci\u00f3n que somos y la organizaci\u00f3n que queremos ser.<\/p>\n","protected":false},"excerpt":{"rendered":"<p>Acerca de nosotros MISION Ofrecer un servicio integral que cumpla con los requerimientos y necesidades de nuestros clientes brindando la mejor atenci\u00f3n con productos de calidad a precios justos y competitivos. VISION Convertirnos en una empresa comprometida con altos est\u00e1ndares de calidad para brindar a nuestros clientes productos y servicios de forma competitiva y confiable. &hellip; <\/p>\n<p class=\"link-more\"><a href=\"http:\/\/relab.com.mx.previewc75.carrierzone.com\/?page_id=6\" class=\"more-link\">Continue reading<span class=\"screen-reader-text\"> &#8220;&#8221;<\/span><\/a><\/p>\n","protected":false},"author":1,"featured_media":0,"parent":0,"menu_order":0,"comment_status":"closed","ping_status":"closed","template":"","meta":{"footnotes":""},"class_list":["post-6","page","type-page","status-publish","hentry"],"_links":{"self":[{"href":"http:\/\/relab.com.mx.previewc75.carrierzone.com\/index.php?rest_route=\/wp\/v2\/pages\/6","targetHints":{"allow":["GET"]}}],"collection":[{"href":"http:\/\/relab.com.mx.previewc75.carrierzone.com\/index.php?rest_route=\/wp\/v2\/pages"}],"about":[{"href":"http:\/\/relab.com.mx.previewc75.carrierzone.com\/index.php?rest_route=\/wp\/v2\/types\/page"}],"author":[{"embeddable":true,"href":"http:\/\/relab.com.mx.previewc75.carrierzone.com\/index.php?rest_route=\/wp\/v2\/users\/1"}],"replies":[{"embeddable":true,"href":"http:\/\/relab.com.mx.previewc75.carrierzone.com\/index.php?rest_route=%2Fwp%2Fv2%2Fcomments&post=6"}],"version-history":[{"count":2,"href":"http:\/\/relab.com.mx.previewc75.carrierzone.com\/index.php?rest_route=\/wp\/v2\/pages\/6\/revisions"}],"predecessor-version":[{"id":46,"href":"http:\/\/relab.com.mx.previewc75.carrierzone.com\/index.php?rest_route=\/wp\/v2\/pages\/6\/revisions\/46"}],"wp:attachment":[{"href":"http:\/\/relab.com.mx.previewc75.carrierzone.com\/index.php?rest_route=%2Fwp%2Fv2%2Fmedia&parent=6"}],"curies":[{"name":"wp","href":"https:\/\/api.w.org\/{rel}","templated":true}]}}