{"id":8,"date":"2021-01-07T18:13:25","date_gmt":"2021-01-07T18:13:25","guid":{"rendered":"http:\/\/relab.com.mx.previewc75.carrierzone.com\/?page_id=8"},"modified":"2021-01-08T16:31:13","modified_gmt":"2021-01-08T16:31:13","slug":"blog","status":"publish","type":"page","link":"http:\/\/relab.com.mx.previewc75.carrierzone.com\/?page_id=8","title":{"rendered":""},"content":{"rendered":"\n<p class=\"has-large-font-size\">PRODUCTOS<\/p>\n\n\n\n<p class=\"has-medium-font-size\" style=\"line-height:0\"><strong>INSTRUMENTOS Y EQUIPOS INDUSTRIALES<\/strong><\/p>\n\n\n\n<p class=\"has-medium-font-size\" style=\"line-height:0\"><strong>SOLUCIONES PARA SUS NECESIDADES<\/strong><\/p>\n\n\n\n<p>Enseguida encontrar\u00e1 algunos de los instrumentos, equipos y productos qu\u00edmicos que comercializamos.<\/p>\n\n\n\n<div class=\"wp-block-image\"><figure class=\"alignright is-resized\"><img loading=\"lazy\" decoding=\"async\" src=\"https:\/\/0201.nccdn.net\/1_2\/000\/000\/16d\/41e\/dinamometro-148x341-148x341.jpg\" alt=\"\" width=\"110\" height=\"253\"\/><\/figure><\/div>\n\n\n\n<p style=\"font-size:19px;line-height:1.2\"><strong>Instrumentos de medici\u00f3n y medidores de gases industriales:<\/strong><\/p>\n\n\n\n<p style=\"line-height:0.7\">o Analizadores de contenido magn\u00e9tico<\/p>\n\n\n\n<p style=\"line-height:0.7\">o Analizadores de gases de combusti\u00f3n<\/p>\n\n\n\n<p style=\"line-height:0.7\">o Analizadores de part\u00edculas<\/p>\n\n\n\n<p style=\"line-height:0.7\">o C\u00e1maras termogr\u00e1ficas<\/p>\n\n\n\n<p style=\"line-height:0.7\">o Analizadores de CO2 ambiental<\/p>\n\n\n\n<p style=\"line-height:0.7\">o Instrumentos para an\u00e1lisis del agua<\/p>\n\n\n\n<p style=\"line-height:0.7\">o Detectores de gases<\/p>\n\n\n\n<div class=\"wp-block-image\"><figure class=\"alignright is-resized\"><img loading=\"lazy\" decoding=\"async\" src=\"https:\/\/0201.nccdn.net\/1_2\/000\/000\/0f5\/4a8\/torquimetros-234x215.jpg\" alt=\"\" width=\"168\" height=\"154\"\/><\/figure><\/div>\n\n\n\n<p style=\"line-height:0.7\">o Dinam\u00f3metros<\/p>\n\n\n\n<p style=\"line-height:0.7\">o Torqu\u00edmetros<\/p>\n\n\n\n<p style=\"line-height:0.7\">o Medidores de humedad<\/p>\n\n\n\n<p style=\"line-height:0.7\">o Medidores de vibraci\u00f3n<\/p>\n\n\n\n<p style=\"line-height:0.7\">o Medidores de espesor de pared<\/p>\n\n\n\n<p><\/p>\n\n\n\n<p class=\"has-medium-font-size\" style=\"line-height:0.7\"><strong>Equipos industriales<\/strong><\/p>\n\n\n\n<div class=\"wp-block-image\"><figure class=\"alignright is-resized\"><img loading=\"lazy\" decoding=\"async\" src=\"https:\/\/0201.nccdn.net\/4_2\/000\/000\/056\/7dc\/detector-de-co2-225x225.jpg\" alt=\"\" width=\"154\" height=\"154\"\/><\/figure><\/div>\n\n\n\n<p style=\"line-height:0.7\">o Hornos de secado<\/p>\n\n\n\n<p style=\"line-height:0.7\">o Campanas de extracci\u00f3n<\/p>\n\n\n\n<p style=\"line-height:0.7\">o Lavadores de gases<\/p>\n\n\n\n<p style=\"line-height:0.7\">o Pulverizadores<\/p>\n\n\n\n<p style=\"line-height:0.7\">o Balanzas anal\u00edticas y microbalanzas<\/p>\n\n\n\n<p style=\"line-height:0.7\">o Muflas<\/p>\n\n\n\n<div class=\"wp-block-image\"><figure class=\"alignright is-resized\"><img loading=\"lazy\" decoding=\"async\" src=\"https:\/\/0201.nccdn.net\/4_2\/000\/000\/00d\/f43\/detector-de-humedad-225x225.jpg\" alt=\"\" width=\"163\" height=\"163\"\/><\/figure><\/div>\n\n\n\n<p style=\"line-height:0.7\">o Centr\u00edfugas<\/p>\n\n\n\n<p><\/p>\n\n\n\n<p class=\"has-medium-font-size\" style=\"line-height:1\"><strong>Contamos con productos qu\u00edmicos industriales como los siguientes:<\/strong><\/p>\n\n\n\n<p style=\"line-height:0.7\">o Tricloroetileno<\/p>\n\n\n\n<p style=\"line-height:0.7\">o Hipoclorito de calcio (tableta y granulado)<\/p>\n\n\n\n<p style=\"line-height:0.7\">o Carbonato de sodio<\/p>\n\n\n\n<p style=\"line-height:0.7\">o Tricloro en tableta<\/p>\n\n\n\n<p style=\"line-height:0.7\">o Percloroetileno<\/p>\n\n\n\n<p style=\"line-height:0.7\">o Sulfato de aluminio, etc.<\/p>\n\n\n\n<p style=\"line-height:0.7\">As\u00ed como reactivos para laboratorio industrial en grado anal\u00edtico.<\/p>\n\n\n\n<p class=\"has-medium-font-size\"><strong>Analizador MagCorr<\/strong><\/p>\n\n\n\n<p>El sucesor del equipo Satmagan es el Analizador&nbsp; MagCorr. El MagCorr es un analizador de contenido magn\u00e9tico que proporciona una determinaci\u00f3n r\u00e1pida del contenido magn\u00e9tico de una muestra de mineral, sin recurrir a costosas y lentas determinaciones con otras t\u00e9cnicas como difracci\u00f3n de rayos X, qu\u00edmica h\u00fameda o peso \/volumen.<\/p>\n","protected":false},"excerpt":{"rendered":"<p>PRODUCTOS INSTRUMENTOS Y EQUIPOS INDUSTRIALES SOLUCIONES PARA SUS NECESIDADES Enseguida encontrar\u00e1 algunos de los instrumentos, equipos y productos qu\u00edmicos que comercializamos. Instrumentos de medici\u00f3n y medidores de gases industriales: o Analizadores de contenido magn\u00e9tico o Analizadores de gases de combusti\u00f3n o Analizadores de part\u00edculas o C\u00e1maras termogr\u00e1ficas o Analizadores de CO2 ambiental o Instrumentos para &hellip; <\/p>\n<p class=\"link-more\"><a href=\"http:\/\/relab.com.mx.previewc75.carrierzone.com\/?page_id=8\" class=\"more-link\">Continue reading<span class=\"screen-reader-text\"> &#8220;&#8221;<\/span><\/a><\/p>\n","protected":false},"author":1,"featured_media":0,"parent":57,"menu_order":0,"comment_status":"closed","ping_status":"closed","template":"","meta":{"footnotes":""},"class_list":["post-8","page","type-page","status-publish","hentry"],"_links":{"self":[{"href":"http:\/\/relab.com.mx.previewc75.carrierzone.com\/index.php?rest_route=\/wp\/v2\/pages\/8","targetHints":{"allow":["GET"]}}],"collection":[{"href":"http:\/\/relab.com.mx.previewc75.carrierzone.com\/index.php?rest_route=\/wp\/v2\/pages"}],"about":[{"href":"http:\/\/relab.com.mx.previewc75.carrierzone.com\/index.php?rest_route=\/wp\/v2\/types\/page"}],"author":[{"embeddable":true,"href":"http:\/\/relab.com.mx.previewc75.carrierzone.com\/index.php?rest_route=\/wp\/v2\/users\/1"}],"replies":[{"embeddable":true,"href":"http:\/\/relab.com.mx.previewc75.carrierzone.com\/index.php?rest_route=%2Fwp%2Fv2%2Fcomments&post=8"}],"version-history":[{"count":11,"href":"http:\/\/relab.com.mx.previewc75.carrierzone.com\/index.php?rest_route=\/wp\/v2\/pages\/8\/revisions"}],"predecessor-version":[{"id":79,"href":"http:\/\/relab.com.mx.previewc75.carrierzone.com\/index.php?rest_route=\/wp\/v2\/pages\/8\/revisions\/79"}],"up":[{"embeddable":true,"href":"http:\/\/relab.com.mx.previewc75.carrierzone.com\/index.php?rest_route=\/wp\/v2\/pages\/57"}],"wp:attachment":[{"href":"http:\/\/relab.com.mx.previewc75.carrierzone.com\/index.php?rest_route=%2Fwp%2Fv2%2Fmedia&parent=8"}],"curies":[{"name":"wp","href":"https:\/\/api.w.org\/{rel}","templated":true}]}}